{"id":14,"date":"2022-09-19T16:32:29","date_gmt":"2022-09-19T16:32:29","guid":{"rendered":"http:\/\/topsmarket.trungkienit.com\/?page_id=14"},"modified":"2023-01-12T10:47:29","modified_gmt":"2023-01-12T10:47:29","slug":"loyalty-program","status":"publish","type":"page","link":"https:\/\/topsmarket.vn\/vn\/loyalty-program\/","title":{"rendered":"CH\u01af\u01a0NG TR\u00ccNH TH\u00c0NH VI\u00caN"},"content":{"rendered":"<div data-elementor-type=\"wp-page\" data-elementor-id=\"14\" class=\"elementor elementor-14\">\n\t\t\t\t\t\t<section class=\"elementor-section elementor-top-section elementor-element elementor-element-455f37f ct-section-stretched elementor-section-full_width elementor-section-height-default elementor-section-height-default\" data-id=\"455f37f\" data-element_type=\"section\">\n\t\t\t\t\t\t<div class=\"elementor-container elementor-column-gap-no\">\n\t\t\t\t\t<div class=\"elementor-column elementor-col-100 elementor-top-column elementor-element elementor-element-cae9b54\" data-id=\"cae9b54\" data-element_type=\"column\">\n\t\t\t<div class=\"elementor-widget-wrap elementor-element-populated\">\n\t\t\t\t\t\t<div class=\"elementor-element elementor-element-53d7bbb elementor-pagination-position-inside elementor-widget elementor-widget-image-carousel\" data-id=\"53d7bbb\" data-element_type=\"widget\" data-settings=\"{&quot;slides_to_show&quot;:&quot;1&quot;,&quot;navigation&quot;:&quot;dots&quot;,&quot;autoplay&quot;:&quot;yes&quot;,&quot;pause_on_hover&quot;:&quot;yes&quot;,&quot;pause_on_interaction&quot;:&quot;yes&quot;,&quot;autoplay_speed&quot;:5000,&quot;infinite&quot;:&quot;yes&quot;,&quot;effect&quot;:&quot;slide&quot;,&quot;speed&quot;:500}\" data-widget_type=\"image-carousel.default\">\n\t\t\t\t<div class=\"elementor-widget-container\">\n\t\t\t\t\t\t\t<div class=\"elementor-image-carousel-wrapper swiper\" role=\"region\" aria-roledescription=\"carousel\" aria-label=\"B\u0103ng chuy\u1ec1n h\u00ecnh \u1ea3nh\" dir=\"ltr\">\n\t\t\t<div class=\"elementor-image-carousel swiper-wrapper swiper-image-stretch\" aria-live=\"off\">\n\t\t\t\t\t\t\t\t<div class=\"swiper-slide\" role=\"group\" aria-roledescription=\"slide\" aria-label=\"1 tr\u00ean 1\"><figure class=\"swiper-slide-inner\"><img decoding=\"async\" class=\"swiper-slide-image\" src=\"http:\/\/brand.topsmarket.vn\/wp-content\/uploads\/2022\/10\/download-exclusive-FA_column-1790x1400-compressed-scaled.jpg\" alt=\"\" \/><\/figure><\/div>\t\t\t<\/div>\n\t\t\t\t\t<\/div>\n\t\t\t\t\t\t<\/div>\n\t\t\t\t<\/div>\n\t\t\t\t\t<\/div>\n\t\t<\/div>\n\t\t\t\t\t<\/div>\n\t\t<\/section>\n\t\t\t\t<section class=\"elementor-section elementor-top-section elementor-element elementor-element-107e366 ct-section-stretched elementor-section-full_width elementor-section-height-default elementor-section-height-default\" data-id=\"107e366\" data-element_type=\"section\" data-settings=\"{&quot;background_background&quot;:&quot;classic&quot;}\">\n\t\t\t\t\t\t<div class=\"elementor-container elementor-column-gap-default\">\n\t\t\t\t\t<div class=\"elementor-column elementor-col-100 elementor-top-column elementor-element elementor-element-ac852ee animated-slow elementor-invisible\" data-id=\"ac852ee\" data-element_type=\"column\" data-settings=\"{&quot;animation&quot;:&quot;fadeInUp&quot;}\">\n\t\t\t<div class=\"elementor-widget-wrap elementor-element-populated\">\n\t\t\t\t\t\t<div class=\"elementor-element elementor-element-1b90151 elementor-widget elementor-widget-heading\" data-id=\"1b90151\" data-element_type=\"widget\" data-widget_type=\"heading.default\">\n\t\t\t\t<div class=\"elementor-widget-container\">\n\t\t\t\t\t<h2 class=\"elementor-heading-title elementor-size-default\">Ch\u01b0\u01a1ng Tr\u00ecnh Th\u00e0nh Vi\u00ean<\/h2>\t\t\t\t<\/div>\n\t\t\t\t<\/div>\n\t\t\t\t<section class=\"elementor-section elementor-inner-section elementor-element elementor-element-585cea0 elementor-section-boxed elementor-section-height-default elementor-section-height-default\" data-id=\"585cea0\" data-element_type=\"section\">\n\t\t\t\t\t\t<div class=\"elementor-container elementor-column-gap-default\">\n\t\t\t\t\t<div class=\"elementor-column elementor-col-100 elementor-inner-column elementor-element elementor-element-686a1f1\" data-id=\"686a1f1\" data-element_type=\"column\">\n\t\t\t<div class=\"elementor-widget-wrap elementor-element-populated\">\n\t\t\t\t\t\t<div class=\"elementor-element elementor-element-2a410f6 elementor-widget elementor-widget-text-editor\" data-id=\"2a410f6\" data-element_type=\"widget\" data-widget_type=\"text-editor.default\">\n\t\t\t\t<div class=\"elementor-widget-container\">\n\t\t\t\t\t\t\t\t\t<p><span style=\"font-weight: 400;\">Tham gia ch\u01b0\u01a1ng tr\u00ecnh v\u00e0 t\u1eadn h\u01b0\u1edfng \u0111\u1eb7c quy\u1ec1n d\u00e0nh ri\u00eang cho th\u00e0nh vi\u00ean. Ch\u1ec9 t\u1ea1i Topsmarket Moonlight. T\u1ea3i \u1ee9ng d\u1ee5ng v\u00e0 tham gia ngay!<\/span><\/p>\t\t\t\t\t\t\t\t<\/div>\n\t\t\t\t<\/div>\n\t\t\t\t\t<\/div>\n\t\t<\/div>\n\t\t\t\t\t<\/div>\n\t\t<\/section>\n\t\t\t\t<section class=\"elementor-section elementor-inner-section elementor-element elementor-element-c084466 elementor-hidden-desktop elementor-hidden-tablet elementor-hidden-mobile elementor-section-boxed elementor-section-height-default elementor-section-height-default\" data-id=\"c084466\" data-element_type=\"section\">\n\t\t\t\t\t\t<div class=\"elementor-container elementor-column-gap-default\">\n\t\t\t\t\t<div class=\"elementor-column elementor-col-33 elementor-inner-column elementor-element elementor-element-6ca3bb8\" data-id=\"6ca3bb8\" data-element_type=\"column\">\n\t\t\t<div class=\"elementor-widget-wrap elementor-element-populated\">\n\t\t\t\t\t\t<div class=\"elementor-element elementor-element-e7cf5ed elementor-widget elementor-widget-image\" data-id=\"e7cf5ed\" data-element_type=\"widget\" data-widget_type=\"image.default\">\n\t\t\t\t<div class=\"elementor-widget-container\">\n\t\t\t\t\t\t\t\t\t\t\t\t\t\t\t<img fetchpriority=\"high\" decoding=\"async\" width=\"335\" height=\"456\" src=\"https:\/\/topsmarket.vn\/wp-content\/uploads\/2022\/09\/lyt3.jpg\" class=\"attachment-full size-full wp-image-326\" alt=\"\" srcset=\"https:\/\/topsmarket.vn\/wp-content\/uploads\/2022\/09\/lyt3.jpg 335w, https:\/\/topsmarket.vn\/wp-content\/uploads\/2022\/09\/lyt3-220x300.jpg 220w\" sizes=\"(max-width: 335px) 100vw, 335px\" \/>\t\t\t\t\t\t\t\t\t\t\t\t\t\t\t<\/div>\n\t\t\t\t<\/div>\n\t\t\t\t<div class=\"elementor-element elementor-element-e1fc9b7 elementor-widget elementor-widget-heading\" data-id=\"e1fc9b7\" data-element_type=\"widget\" data-widget_type=\"heading.default\">\n\t\t\t\t<div class=\"elementor-widget-container\">\n\t\t\t\t\t<h2 class=\"elementor-heading-title elementor-size-default\">Free registration<\/h2>\t\t\t\t<\/div>\n\t\t\t\t<\/div>\n\t\t\t\t<div class=\"elementor-element elementor-element-ac77d43 elementor-widget elementor-widget-text-editor\" data-id=\"ac77d43\" data-element_type=\"widget\" data-widget_type=\"text-editor.default\">\n\t\t\t\t<div class=\"elementor-widget-container\">\n\t\t\t\t\t\t\t\t\t<p>Lorem ipsum dolor sit amet, consectetur adipiscing elit, sed do eiusmod tempor<\/p>\t\t\t\t\t\t\t\t<\/div>\n\t\t\t\t<\/div>\n\t\t\t\t\t<\/div>\n\t\t<\/div>\n\t\t\t\t<div class=\"elementor-column elementor-col-33 elementor-inner-column elementor-element elementor-element-d00c58a\" data-id=\"d00c58a\" data-element_type=\"column\">\n\t\t\t<div class=\"elementor-widget-wrap elementor-element-populated\">\n\t\t\t\t\t\t<div class=\"elementor-element elementor-element-e01fa4d elementor-widget elementor-widget-image\" data-id=\"e01fa4d\" data-element_type=\"widget\" data-widget_type=\"image.default\">\n\t\t\t\t<div class=\"elementor-widget-container\">\n\t\t\t\t\t\t\t\t\t\t\t\t\t\t\t<img decoding=\"async\" width=\"338\" height=\"456\" src=\"https:\/\/topsmarket.vn\/wp-content\/uploads\/2022\/09\/lyt2.jpg\" class=\"attachment-full size-full wp-image-325\" alt=\"\" srcset=\"https:\/\/topsmarket.vn\/wp-content\/uploads\/2022\/09\/lyt2.jpg 338w, https:\/\/topsmarket.vn\/wp-content\/uploads\/2022\/09\/lyt2-222x300.jpg 222w\" sizes=\"(max-width: 338px) 100vw, 338px\" \/>\t\t\t\t\t\t\t\t\t\t\t\t\t\t\t<\/div>\n\t\t\t\t<\/div>\n\t\t\t\t<div class=\"elementor-element elementor-element-9cbb9c3 elementor-widget elementor-widget-heading\" data-id=\"9cbb9c3\" data-element_type=\"widget\" data-widget_type=\"heading.default\">\n\t\t\t\t<div class=\"elementor-widget-container\">\n\t\t\t\t\t<h2 class=\"elementor-heading-title elementor-size-default\">Easy to earn points<\/h2>\t\t\t\t<\/div>\n\t\t\t\t<\/div>\n\t\t\t\t<div class=\"elementor-element elementor-element-21f4c9d elementor-widget elementor-widget-text-editor\" data-id=\"21f4c9d\" data-element_type=\"widget\" data-widget_type=\"text-editor.default\">\n\t\t\t\t<div class=\"elementor-widget-container\">\n\t\t\t\t\t\t\t\t\t<p>Lorem ipsum dolor sit amet, consectetur adipiscing elit, sed do eiusmod tempor<\/p>\t\t\t\t\t\t\t\t<\/div>\n\t\t\t\t<\/div>\n\t\t\t\t\t<\/div>\n\t\t<\/div>\n\t\t\t\t<div class=\"elementor-column elementor-col-33 elementor-inner-column elementor-element elementor-element-2acb58b\" data-id=\"2acb58b\" data-element_type=\"column\">\n\t\t\t<div class=\"elementor-widget-wrap elementor-element-populated\">\n\t\t\t\t\t\t<div class=\"elementor-element elementor-element-498740e elementor-widget elementor-widget-image\" data-id=\"498740e\" data-element_type=\"widget\" data-widget_type=\"image.default\">\n\t\t\t\t<div class=\"elementor-widget-container\">\n\t\t\t\t\t\t\t\t\t\t\t\t\t\t\t<img decoding=\"async\" width=\"335\" height=\"456\" src=\"https:\/\/topsmarket.vn\/wp-content\/uploads\/2022\/09\/lyt1.jpg\" class=\"attachment-full size-full wp-image-324\" alt=\"\" srcset=\"https:\/\/topsmarket.vn\/wp-content\/uploads\/2022\/09\/lyt1.jpg 335w, https:\/\/topsmarket.vn\/wp-content\/uploads\/2022\/09\/lyt1-220x300.jpg 220w\" sizes=\"(max-width: 335px) 100vw, 335px\" \/>\t\t\t\t\t\t\t\t\t\t\t\t\t\t\t<\/div>\n\t\t\t\t<\/div>\n\t\t\t\t<div class=\"elementor-element elementor-element-4bc7845 elementor-widget elementor-widget-heading\" data-id=\"4bc7845\" data-element_type=\"widget\" data-widget_type=\"heading.default\">\n\t\t\t\t<div class=\"elementor-widget-container\">\n\t\t\t\t\t<h2 class=\"elementor-heading-title elementor-size-default\">Get discount<\/h2>\t\t\t\t<\/div>\n\t\t\t\t<\/div>\n\t\t\t\t<div class=\"elementor-element elementor-element-0dd2654 elementor-widget elementor-widget-text-editor\" data-id=\"0dd2654\" data-element_type=\"widget\" data-widget_type=\"text-editor.default\">\n\t\t\t\t<div class=\"elementor-widget-container\">\n\t\t\t\t\t\t\t\t\t<p>Lorem ipsum dolor sit amet, consectetur adipiscing elit, sed do eiusmod tempor<\/p>\t\t\t\t\t\t\t\t<\/div>\n\t\t\t\t<\/div>\n\t\t\t\t\t<\/div>\n\t\t<\/div>\n\t\t\t\t\t<\/div>\n\t\t<\/section>\n\t\t\t\t\t<\/div>\n\t\t<\/div>\n\t\t\t\t\t<\/div>\n\t\t<\/section>\n\t\t\t\t<section class=\"elementor-section elementor-top-section elementor-element elementor-element-ac62b92 elementor-section-full_width elementor-section-height-default elementor-section-height-default\" data-id=\"ac62b92\" data-element_type=\"section\" data-settings=\"{&quot;background_background&quot;:&quot;classic&quot;}\">\n\t\t\t\t\t\t<div class=\"elementor-container elementor-column-gap-no\">\n\t\t\t\t\t<div class=\"elementor-column elementor-col-100 elementor-top-column elementor-element elementor-element-1861b9c\" data-id=\"1861b9c\" data-element_type=\"column\">\n\t\t\t<div class=\"elementor-widget-wrap elementor-element-populated\">\n\t\t\t\t\t\t<div class=\"elementor-element elementor-element-9be1c45 elementor-pagination-position-inside carousel-center-mode elementor-arrows-position-inside elementor-widget elementor-widget-image-carousel\" data-id=\"9be1c45\" data-element_type=\"widget\" data-settings=\"{&quot;image_spacing_custom&quot;:{&quot;unit&quot;:&quot;px&quot;,&quot;size&quot;:0,&quot;sizes&quot;:[]},&quot;slides_to_show_tablet&quot;:&quot;1&quot;,&quot;navigation&quot;:&quot;both&quot;,&quot;autoplay&quot;:&quot;yes&quot;,&quot;pause_on_hover&quot;:&quot;yes&quot;,&quot;pause_on_interaction&quot;:&quot;yes&quot;,&quot;autoplay_speed&quot;:5000,&quot;infinite&quot;:&quot;yes&quot;,&quot;speed&quot;:500}\" data-widget_type=\"image-carousel.default\">\n\t\t\t\t<div class=\"elementor-widget-container\">\n\t\t\t\t\t\t\t<div class=\"elementor-image-carousel-wrapper swiper\" role=\"region\" aria-roledescription=\"carousel\" aria-label=\"B\u0103ng chuy\u1ec1n h\u00ecnh \u1ea3nh\" dir=\"ltr\">\n\t\t\t<div class=\"elementor-image-carousel swiper-wrapper\" aria-live=\"off\">\n\t\t\t\t\t\t\t\t<div class=\"swiper-slide\" role=\"group\" aria-roledescription=\"slide\" aria-label=\"1 tr\u00ean 4\"><figure class=\"swiper-slide-inner\"><img decoding=\"async\" class=\"swiper-slide-image\" src=\"https:\/\/topsmarket.vn\/wp-content\/uploads\/2022\/10\/hinh-cond.png\" alt=\"hinh cond\" \/><\/figure><\/div><div class=\"swiper-slide\" role=\"group\" aria-roledescription=\"slide\" aria-label=\"2 tr\u00ean 4\"><figure class=\"swiper-slide-inner\"><img decoding=\"async\" class=\"swiper-slide-image\" src=\"https:\/\/topsmarket.vn\/wp-content\/uploads\/2022\/10\/hinh-con..png\" alt=\"hinh con.\" \/><\/figure><\/div><div class=\"swiper-slide\" role=\"group\" aria-roledescription=\"slide\" aria-label=\"3 tr\u00ean 4\"><figure class=\"swiper-slide-inner\"><img decoding=\"async\" class=\"swiper-slide-image\" src=\"https:\/\/topsmarket.vn\/wp-content\/uploads\/2022\/10\/hinh-con.png\" alt=\"hinh con\" \/><\/figure><\/div><div class=\"swiper-slide\" role=\"group\" aria-roledescription=\"slide\" aria-label=\"4 tr\u00ean 4\"><figure class=\"swiper-slide-inner\"><img decoding=\"async\" class=\"swiper-slide-image\" src=\"https:\/\/topsmarket.vn\/wp-content\/uploads\/2022\/10\/hingh-con.png\" alt=\"hingh con\" \/><\/figure><\/div>\t\t\t<\/div>\n\t\t\t\t\t\t\t\t\t\t\t\t<div class=\"elementor-swiper-button elementor-swiper-button-prev\" role=\"button\" tabindex=\"0\">\n\t\t\t\t\t\t<svg xmlns=\"http:\/\/www.w3.org\/2000\/svg\" width=\"24\" height=\"41\" viewbox=\"0 0 24 41\" fill=\"none\"><g clip-path=\"url(#clip0_173_760)\"><path d=\"M22.9333 3.72145e-06C23.2 3.74476e-06 23.4667 0.0953521 23.68 0.286049C24.1067 0.667446 24.1067 1.23954 23.68 1.62093L2.56 20.5L23.68 39.3791C24.1067 39.7605 24.1067 40.3326 23.68 40.714C23.2533 41.0953 22.6133 41.0953 22.1867 40.714L0.319998 21.1674C0.106665 20.9767 -2.04337e-06 20.7384 -2.02253e-06 20.5C-2.00169e-06 20.2616 0.106665 20.0233 0.319998 19.8326L22.1867 0.286049C22.4 0.095352 22.6667 3.69813e-06 22.9333 3.72145e-06Z\" fill=\"#007647\"><\/path><\/g><defs><clippath id=\"clip0_173_760\"><rect width=\"24\" height=\"41\" fill=\"white\" transform=\"translate(24 41) rotate(-180)\"><\/rect><\/clippath><\/defs><\/svg>\t\t\t\t\t<\/div>\n\t\t\t\t\t<div class=\"elementor-swiper-button elementor-swiper-button-next\" role=\"button\" tabindex=\"0\">\n\t\t\t\t\t\t<svg xmlns=\"http:\/\/www.w3.org\/2000\/svg\" width=\"24\" height=\"41\" viewbox=\"0 0 24 41\" fill=\"none\"><g clip-path=\"url(#clip0_173_749)\"><path d=\"M1.06667 41C0.8 41 0.533333 40.9047 0.32 40.714C-0.106667 40.3326 -0.106667 39.7605 0.32 39.3791L21.44 20.5L0.32 1.62093C-0.106667 1.23953 -0.106667 0.667442 0.32 0.286047C0.746667 -0.0953488 1.38667 -0.0953488 1.81333 0.286047L23.68 19.8326C23.8933 20.0233 24 20.2616 24 20.5C24 20.7384 23.8933 20.9767 23.68 21.1674L1.81333 40.714C1.6 40.9047 1.33333 41 1.06667 41Z\" fill=\"#007647\"><\/path><\/g><defs><clippath id=\"clip0_173_749\"><rect width=\"24\" height=\"41\" fill=\"white\"><\/rect><\/clippath><\/defs><\/svg>\t\t\t\t\t<\/div>\n\t\t\t\t\n\t\t\t\t\t\t\t\t\t<div class=\"swiper-pagination\"><\/div>\n\t\t\t\t\t\t\t\t\t<\/div>\n\t\t\t\t\t\t<\/div>\n\t\t\t\t<\/div>\n\t\t\t\t\t<\/div>\n\t\t<\/div>\n\t\t\t\t\t<\/div>\n\t\t<\/section>\n\t\t\t\t<\/div>","protected":false},"excerpt":{"rendered":"<p>Loyalty program Join our membership program and enjoy our amazing member only deals. Exclusive at Topsmarket Moonlight. Download app and register now! Free registration Lorem ipsum dolor sit amet, consectetur adipiscing elit, sed do eiusmod tempor Easy to earn points Lorem ipsum dolor sit amet, consectetur adipiscing elit, sed do eiusmod tempor Get discount Lorem ipsum dolor sit amet, consectetur adipiscing elit, sed do eiusmod tempor Previous Next<\/p>","protected":false},"author":1,"featured_media":0,"parent":0,"menu_order":0,"comment_status":"closed","ping_status":"closed","template":"","meta":{"_eb_attr":"","footnotes":""},"class_list":["post-14","page","type-page","status-publish","hentry"],"blocksy_meta":{"styles_descriptor":{"styles":{"desktop":"","tablet":"","mobile":""},"google_fonts":[],"version":5}},"_links":{"self":[{"href":"https:\/\/topsmarket.vn\/vn\/wp-json\/wp\/v2\/pages\/14","targetHints":{"allow":["GET"]}}],"collection":[{"href":"https:\/\/topsmarket.vn\/vn\/wp-json\/wp\/v2\/pages"}],"about":[{"href":"https:\/\/topsmarket.vn\/vn\/wp-json\/wp\/v2\/types\/page"}],"author":[{"embeddable":true,"href":"https:\/\/topsmarket.vn\/vn\/wp-json\/wp\/v2\/users\/1"}],"replies":[{"embeddable":true,"href":"https:\/\/topsmarket.vn\/vn\/wp-json\/wp\/v2\/comments?post=14"}],"version-history":[{"count":312,"href":"https:\/\/topsmarket.vn\/vn\/wp-json\/wp\/v2\/pages\/14\/revisions"}],"predecessor-version":[{"id":7035,"href":"https:\/\/topsmarket.vn\/vn\/wp-json\/wp\/v2\/pages\/14\/revisions\/7035"}],"wp:attachment":[{"href":"https:\/\/topsmarket.vn\/vn\/wp-json\/wp\/v2\/media?parent=14"}],"curies":[{"name":"wp","href":"https:\/\/api.w.org\/{rel}","templated":true}]}}