{"id":18,"date":"2022-09-19T16:33:04","date_gmt":"2022-09-19T16:33:04","guid":{"rendered":"http:\/\/topsmarket.trungkienit.com\/?page_id=18"},"modified":"2025-10-16T18:22:49","modified_gmt":"2025-10-16T18:22:49","slug":"promotions","status":"publish","type":"page","link":"https:\/\/topsmarket.vn\/vn\/promotions\/","title":{"rendered":"Khuy\u1ebfn M\u00e3i"},"content":{"rendered":"<div data-elementor-type=\"wp-page\" data-elementor-id=\"18\" class=\"elementor elementor-18\">\n\t\t\t\t\t\t<section class=\"elementor-section elementor-top-section elementor-element elementor-element-fd9c66a ct-section-stretched elementor-section-full_width elementor-section-content-middle elementor-reverse-mobile elementor-section-height-min-height elementor-section-height-default elementor-section-items-middle\" data-id=\"fd9c66a\" data-element_type=\"section\" data-settings=\"{&quot;background_background&quot;:&quot;classic&quot;}\">\n\t\t\t\t\t\t<div class=\"elementor-container elementor-column-gap-no\">\n\t\t\t\t\t<div class=\"elementor-column elementor-col-100 elementor-top-column elementor-element elementor-element-3cf4434\" data-id=\"3cf4434\" data-element_type=\"column\">\n\t\t\t<div class=\"elementor-widget-wrap\">\n\t\t\t\t\t\t\t<\/div>\n\t\t<\/div>\n\t\t\t\t\t<\/div>\n\t\t<\/section>\n\t\t\t\t<section class=\"elementor-section elementor-top-section elementor-element elementor-element-cbbfe0f elementor-section-boxed elementor-section-height-default elementor-section-height-default\" data-id=\"cbbfe0f\" data-element_type=\"section\" data-settings=\"{&quot;background_background&quot;:&quot;classic&quot;}\">\n\t\t\t\t\t\t<div class=\"elementor-container elementor-column-gap-default\">\n\t\t\t\t\t<div class=\"elementor-column elementor-col-100 elementor-top-column elementor-element elementor-element-1ffbff2 animated-slow elementor-invisible\" data-id=\"1ffbff2\" data-element_type=\"column\" data-settings=\"{&quot;animation&quot;:&quot;fadeInUp&quot;}\">\n\t\t\t<div class=\"elementor-widget-wrap elementor-element-populated\">\n\t\t\t\t\t\t<div class=\"elementor-element elementor-element-86033c8 elementor-widget elementor-widget-heading\" data-id=\"86033c8\" data-element_type=\"widget\" data-widget_type=\"heading.default\">\n\t\t\t\t<div class=\"elementor-widget-container\">\n\t\t\t\t\t<h2 class=\"elementor-heading-title elementor-size-default\">Khuy\u1ebfn M\u00e3i M\u1edbi Nh\u1ea5t<\/h2>\t\t\t\t<\/div>\n\t\t\t\t<\/div>\n\t\t\t\t<section class=\"elementor-section elementor-inner-section elementor-element elementor-element-07d06f7 elementor-section-boxed elementor-section-height-default elementor-section-height-default\" data-id=\"07d06f7\" data-element_type=\"section\">\n\t\t\t\t\t\t<div class=\"elementor-container elementor-column-gap-default\">\n\t\t\t\t\t<div class=\"elementor-column elementor-col-100 elementor-inner-column elementor-element elementor-element-60634e5\" data-id=\"60634e5\" data-element_type=\"column\">\n\t\t\t<div class=\"elementor-widget-wrap elementor-element-populated\">\n\t\t\t\t\t\t<div class=\"elementor-element elementor-element-f78116a elementor-widget elementor-widget-image-carousel\" data-id=\"f78116a\" data-element_type=\"widget\" data-settings=\"{&quot;slides_to_show&quot;:&quot;1&quot;,&quot;navigation&quot;:&quot;none&quot;,&quot;autoplay&quot;:&quot;yes&quot;,&quot;pause_on_hover&quot;:&quot;yes&quot;,&quot;pause_on_interaction&quot;:&quot;yes&quot;,&quot;autoplay_speed&quot;:5000,&quot;infinite&quot;:&quot;yes&quot;,&quot;effect&quot;:&quot;slide&quot;,&quot;speed&quot;:500}\" data-widget_type=\"image-carousel.default\">\n\t\t\t\t<div class=\"elementor-widget-container\">\n\t\t\t\t\t\t\t<div class=\"elementor-image-carousel-wrapper swiper\" role=\"region\" aria-roledescription=\"carousel\" aria-label=\"B\u0103ng chuy\u1ec1n h\u00ecnh \u1ea3nh\" dir=\"ltr\">\n\t\t\t<div class=\"elementor-image-carousel swiper-wrapper swiper-image-stretch\" aria-live=\"off\">\n\t\t\t\t\t\t\t\t<div class=\"swiper-slide\" role=\"group\" aria-roledescription=\"slide\" aria-label=\"1 tr\u00ean 1\"><figure class=\"swiper-slide-inner\"><img decoding=\"async\" class=\"swiper-slide-image\" src=\"\" alt=\"\" \/><\/figure><\/div>\t\t\t<\/div>\n\t\t\t\t\t<\/div>\n\t\t\t\t\t\t<\/div>\n\t\t\t\t<\/div>\n\t\t\t\t\t<\/div>\n\t\t<\/div>\n\t\t\t\t\t<\/div>\n\t\t<\/section>\n\t\t\t\t\t<\/div>\n\t\t<\/div>\n\t\t\t\t\t<\/div>\n\t\t<\/section>\n\t\t\t\t<section class=\"elementor-section elementor-top-section elementor-element elementor-element-9c605b8 elementor-section-full_width container-overflow-hidden-2 elementor-hidden-desktop elementor-hidden-tablet elementor-hidden-mobile elementor-section-height-default elementor-section-height-default elementor-invisible\" data-id=\"9c605b8\" data-element_type=\"section\" data-settings=\"{&quot;background_background&quot;:&quot;classic&quot;,&quot;animation&quot;:&quot;slideInUp&quot;}\">\n\t\t\t\t\t\t<div class=\"elementor-container elementor-column-gap-no\">\n\t\t\t\t\t<div class=\"elementor-column elementor-col-100 elementor-top-column elementor-element elementor-element-ba427b1\" data-id=\"ba427b1\" data-element_type=\"column\">\n\t\t\t<div class=\"elementor-widget-wrap elementor-element-populated\">\n\t\t\t\t\t\t<div class=\"elementor-element elementor-element-d2eff3e elementor-pagination-position-inside carousel-center-mode elementor-arrows-position-inside elementor-widget elementor-widget-image-carousel\" data-id=\"d2eff3e\" data-element_type=\"widget\" data-settings=\"{&quot;image_spacing_custom&quot;:{&quot;unit&quot;:&quot;px&quot;,&quot;size&quot;:0,&quot;sizes&quot;:[]},&quot;slides_to_show_tablet&quot;:&quot;1&quot;,&quot;navigation&quot;:&quot;both&quot;,&quot;autoplay&quot;:&quot;yes&quot;,&quot;pause_on_hover&quot;:&quot;yes&quot;,&quot;pause_on_interaction&quot;:&quot;yes&quot;,&quot;autoplay_speed&quot;:5000,&quot;infinite&quot;:&quot;yes&quot;,&quot;speed&quot;:500}\" data-widget_type=\"image-carousel.default\">\n\t\t\t\t<div class=\"elementor-widget-container\">\n\t\t\t\t\t\t\t<div class=\"elementor-image-carousel-wrapper swiper\" role=\"region\" aria-roledescription=\"carousel\" aria-label=\"B\u0103ng chuy\u1ec1n h\u00ecnh \u1ea3nh\" dir=\"ltr\">\n\t\t\t<div class=\"elementor-image-carousel swiper-wrapper\" aria-live=\"off\">\n\t\t\t\t\t\t\t\t<div class=\"swiper-slide\" role=\"group\" aria-roledescription=\"slide\" aria-label=\"1 tr\u00ean 3\"><figure class=\"swiper-slide-inner\"><img decoding=\"async\" class=\"swiper-slide-image\" src=\"http:\/\/brand.topsmarket.vn\/wp-content\/uploads\/2022\/10\/banner-web-t10-02.png\" alt=\"\" \/><\/figure><\/div><div class=\"swiper-slide\" role=\"group\" aria-roledescription=\"slide\" aria-label=\"2 tr\u00ean 3\"><figure class=\"swiper-slide-inner\"><img decoding=\"async\" class=\"swiper-slide-image\" src=\"http:\/\/brand.topsmarket.vn\/wp-content\/uploads\/2022\/10\/Anniversary-RTTT-1440x448px-3.jpg\" alt=\"\" \/><\/figure><\/div><div class=\"swiper-slide\" role=\"group\" aria-roledescription=\"slide\" aria-label=\"3 tr\u00ean 3\"><figure class=\"swiper-slide-inner\"><img decoding=\"async\" class=\"swiper-slide-image\" src=\"http:\/\/brand.topsmarket.vn\/wp-content\/uploads\/2022\/10\/download-exclusive-FA_column-1790x1400-compressed-scaled.jpg\" alt=\"\" \/><\/figure><\/div>\t\t\t<\/div>\n\t\t\t\t\t\t\t\t\t\t\t\t<div class=\"elementor-swiper-button elementor-swiper-button-prev\" role=\"button\" tabindex=\"0\">\n\t\t\t\t\t\t<svg xmlns=\"http:\/\/www.w3.org\/2000\/svg\" width=\"24\" height=\"41\" viewbox=\"0 0 24 41\" fill=\"none\"><g clip-path=\"url(#clip0_173_760)\"><path d=\"M22.9333 3.72145e-06C23.2 3.74476e-06 23.4667 0.0953521 23.68 0.286049C24.1067 0.667446 24.1067 1.23954 23.68 1.62093L2.56 20.5L23.68 39.3791C24.1067 39.7605 24.1067 40.3326 23.68 40.714C23.2533 41.0953 22.6133 41.0953 22.1867 40.714L0.319998 21.1674C0.106665 20.9767 -2.04337e-06 20.7384 -2.02253e-06 20.5C-2.00169e-06 20.2616 0.106665 20.0233 0.319998 19.8326L22.1867 0.286049C22.4 0.095352 22.6667 3.69813e-06 22.9333 3.72145e-06Z\" fill=\"#007647\"><\/path><\/g><defs><clippath id=\"clip0_173_760\"><rect width=\"24\" height=\"41\" fill=\"white\" transform=\"translate(24 41) rotate(-180)\"><\/rect><\/clippath><\/defs><\/svg>\t\t\t\t\t<\/div>\n\t\t\t\t\t<div class=\"elementor-swiper-button elementor-swiper-button-next\" role=\"button\" tabindex=\"0\">\n\t\t\t\t\t\t<svg xmlns=\"http:\/\/www.w3.org\/2000\/svg\" width=\"24\" height=\"41\" viewbox=\"0 0 24 41\" fill=\"none\"><g clip-path=\"url(#clip0_173_749)\"><path d=\"M1.06667 41C0.8 41 0.533333 40.9047 0.32 40.714C-0.106667 40.3326 -0.106667 39.7605 0.32 39.3791L21.44 20.5L0.32 1.62093C-0.106667 1.23953 -0.106667 0.667442 0.32 0.286047C0.746667 -0.0953488 1.38667 -0.0953488 1.81333 0.286047L23.68 19.8326C23.8933 20.0233 24 20.2616 24 20.5C24 20.7384 23.8933 20.9767 23.68 21.1674L1.81333 40.714C1.6 40.9047 1.33333 41 1.06667 41Z\" fill=\"#007647\"><\/path><\/g><defs><clippath id=\"clip0_173_749\"><rect width=\"24\" height=\"41\" fill=\"white\"><\/rect><\/clippath><\/defs><\/svg>\t\t\t\t\t<\/div>\n\t\t\t\t\n\t\t\t\t\t\t\t\t\t<div class=\"swiper-pagination\"><\/div>\n\t\t\t\t\t\t\t\t\t<\/div>\n\t\t\t\t\t\t<\/div>\n\t\t\t\t<\/div>\n\t\t\t\t\t<\/div>\n\t\t<\/div>\n\t\t\t\t\t<\/div>\n\t\t<\/section>\n\t\t\t\t<section class=\"elementor-section elementor-top-section elementor-element elementor-element-f466bc3 elementor-section-boxed elementor-section-height-default elementor-section-height-default elementor-invisible\" data-id=\"f466bc3\" data-element_type=\"section\" data-settings=\"{&quot;animation&quot;:&quot;fadeInUp&quot;}\">\n\t\t\t\t\t\t<div class=\"elementor-container elementor-column-gap-default\">\n\t\t\t\t\t<div class=\"elementor-column elementor-col-100 elementor-top-column elementor-element elementor-element-52cda39\" data-id=\"52cda39\" data-element_type=\"column\">\n\t\t\t<div class=\"elementor-widget-wrap elementor-element-populated\">\n\t\t\t\t\t\t<div class=\"elementor-element elementor-element-e1b75ea elementor-grid-eael-col-3 elementor-grid-tablet-eael-col-2 elementor-grid-mobile-eael-col-1 elementor-widget elementor-widget-eael-post-grid\" data-id=\"e1b75ea\" data-element_type=\"widget\" data-settings=\"{&quot;eael_post_grid_columns&quot;:&quot;eael-col-3&quot;,&quot;eael_post_grid_columns_tablet&quot;:&quot;eael-col-2&quot;,&quot;eael_post_grid_columns_mobile&quot;:&quot;eael-col-1&quot;}\" data-widget_type=\"eael-post-grid.default\">\n\t\t\t\t<div class=\"elementor-widget-container\">\n\t\t\t\t\t<div id=\"eael-post-grid-e1b75ea\" class=\"eael-post-grid-container\">\n            <div class=\"eael-post-grid eael-post-appender eael-post-appender-e1b75ea eael-post-grid-style-one\" data-layout-mode=\"grid\"><article class=\"eael-grid-post eael-post-grid-column\" data-id=\"12887\">\n        <div class=\"eael-grid-post-holder\">\n            <div class=\"eael-grid-post-holder-inner\"><div class=\"eael-entry-media\"><div class=\"eael-entry-overlay fade-in\"><i class=\"fas fa-long-arrow-alt-right\" aria-hidden=\"true\"><\/i><a href=\"https:\/\/topsmarket.vn\/vn\/promotion\/uu-dai-chat-chuan-gu-mua-le-hcm-copy-copy-copy-copy-2-copy-2-copy-copy-copy-copy-2-copy-copy-copy-copy-2\/\"><\/a><\/div><div class=\"eael-entry-thumbnail\">\n                <img fetchpriority=\"high\" decoding=\"async\" width=\"768\" height=\"1060\" src=\"https:\/\/topsmarket.vn\/wp-content\/uploads\/2026\/04\/BF-609-01-1-768x1060.jpg\" class=\"attachment-medium_large size-medium_large wp-image-12874\" alt=\"\" srcset=\"https:\/\/topsmarket.vn\/wp-content\/uploads\/2026\/04\/BF-609-01-1-768x1060.jpg 768w, https:\/\/topsmarket.vn\/wp-content\/uploads\/2026\/04\/BF-609-01-1-217x300.jpg 217w, https:\/\/topsmarket.vn\/wp-content\/uploads\/2026\/04\/BF-609-01-1-scaled.jpg 1854w, https:\/\/topsmarket.vn\/wp-content\/uploads\/2026\/04\/BF-609-01-1-1113x1536.jpg 1113w, https:\/\/topsmarket.vn\/wp-content\/uploads\/2026\/04\/BF-609-01-1-1483x2048.jpg 1483w, https:\/\/topsmarket.vn\/wp-content\/uploads\/2026\/04\/BF-609-01-1-9x12.jpg 9w\" sizes=\"(max-width: 768px) 100vw, 768px\" \/>\n            <\/div>\n        <\/div><div class=\"eael-entry-wrapper\"><header class=\"eael-entry-header\"><h2 class=\"eael-entry-title\"><a\n                        class=\"eael-grid-post-link\"\n                        href=\"https:\/\/topsmarket.vn\/vn\/promotion\/uu-dai-chat-chuan-gu-mua-le-hcm-copy-copy-copy-copy-2-copy-2-copy-copy-copy-copy-2-copy-copy-copy-copy-2\/\"\n                        title=\"\u0110\u1eb8P CHO M\u1eccI GU\">\u0110\u1eb8P CHO M\u1eccI GU<\/a><\/h2><\/header><div class=\"eael-entry-content\">\n                        <div class=\"eael-grid-post-excerpt\"><p>23.04 - 15.05.2026<\/p><\/div>\n                    <\/div><\/div><\/div>\n        <\/div>\n    <\/article><article class=\"eael-grid-post eael-post-grid-column\" data-id=\"12871\">\n        <div class=\"eael-grid-post-holder\">\n            <div class=\"eael-grid-post-holder-inner\"><div class=\"eael-entry-media\"><div class=\"eael-entry-overlay fade-in\"><i class=\"fas fa-long-arrow-alt-right\" aria-hidden=\"true\"><\/i><a href=\"https:\/\/topsmarket.vn\/vn\/promotion\/uu-dai-chat-chuan-gu-mua-le-hcm-copy-copy-copy-copy-2-copy-2-copy-copy-copy-copy-2-copy-copy-copy-copy-copy\/\"><\/a><\/div><div class=\"eael-entry-thumbnail\">\n                <img decoding=\"async\" width=\"768\" height=\"1056\" src=\"https:\/\/topsmarket.vn\/wp-content\/uploads\/2026\/04\/P1-C609_MN-768x1056.jpg\" class=\"attachment-medium_large size-medium_large wp-image-12843\" alt=\"\" srcset=\"https:\/\/topsmarket.vn\/wp-content\/uploads\/2026\/04\/P1-C609_MN-768x1056.jpg 768w, https:\/\/topsmarket.vn\/wp-content\/uploads\/2026\/04\/P1-C609_MN-218x300.jpg 218w, https:\/\/topsmarket.vn\/wp-content\/uploads\/2026\/04\/P1-C609_MN-scaled.jpg 1862w, https:\/\/topsmarket.vn\/wp-content\/uploads\/2026\/04\/P1-C609_MN-1117x1536.jpg 1117w, https:\/\/topsmarket.vn\/wp-content\/uploads\/2026\/04\/P1-C609_MN-1490x2048.jpg 1490w, https:\/\/topsmarket.vn\/wp-content\/uploads\/2026\/04\/P1-C609_MN-9x12.jpg 9w\" sizes=\"(max-width: 768px) 100vw, 768px\" \/>\n            <\/div>\n        <\/div><div class=\"eael-entry-wrapper\"><header class=\"eael-entry-header\"><h2 class=\"eael-entry-title\"><a\n                        class=\"eael-grid-post-link\"\n                        href=\"https:\/\/topsmarket.vn\/vn\/promotion\/uu-dai-chat-chuan-gu-mua-le-hcm-copy-copy-copy-copy-2-copy-2-copy-copy-copy-copy-2-copy-copy-copy-copy-copy\/\"\n                        title=\"VI\u1ec6T NAM CH\u1ea4T T\u1eeaNG NG\u00c0Y &#8211; HN\">VI\u1ec6T NAM CH\u1ea4T T\u1eeaNG NG\u00c0Y &#8211; HN<\/a><\/h2><\/header><div class=\"eael-entry-content\">\n                        <div class=\"eael-grid-post-excerpt\"><p>23.04 - 06.05.2026<\/p><\/div>\n                    <\/div><\/div><\/div>\n        <\/div>\n    <\/article><article class=\"eael-grid-post eael-post-grid-column\" data-id=\"12856\">\n        <div class=\"eael-grid-post-holder\">\n            <div class=\"eael-grid-post-holder-inner\"><div class=\"eael-entry-media\"><div class=\"eael-entry-overlay fade-in\"><i class=\"fas fa-long-arrow-alt-right\" aria-hidden=\"true\"><\/i><a href=\"https:\/\/topsmarket.vn\/vn\/promotion\/uu-dai-chat-chuan-gu-mua-le-hcm-copy-copy-copy-copy-2-copy-2-copy-copy-copy-copy-2-copy-copy-copy-copy\/\"><\/a><\/div><div class=\"eael-entry-thumbnail\">\n                <img decoding=\"async\" width=\"768\" height=\"1056\" src=\"https:\/\/topsmarket.vn\/wp-content\/uploads\/2026\/04\/P1-C609_MN-768x1056.jpg\" class=\"attachment-medium_large size-medium_large wp-image-12843\" alt=\"\" srcset=\"https:\/\/topsmarket.vn\/wp-content\/uploads\/2026\/04\/P1-C609_MN-768x1056.jpg 768w, https:\/\/topsmarket.vn\/wp-content\/uploads\/2026\/04\/P1-C609_MN-218x300.jpg 218w, https:\/\/topsmarket.vn\/wp-content\/uploads\/2026\/04\/P1-C609_MN-scaled.jpg 1862w, https:\/\/topsmarket.vn\/wp-content\/uploads\/2026\/04\/P1-C609_MN-1117x1536.jpg 1117w, https:\/\/topsmarket.vn\/wp-content\/uploads\/2026\/04\/P1-C609_MN-1490x2048.jpg 1490w, https:\/\/topsmarket.vn\/wp-content\/uploads\/2026\/04\/P1-C609_MN-9x12.jpg 9w\" sizes=\"(max-width: 768px) 100vw, 768px\" \/>\n            <\/div>\n        <\/div><div class=\"eael-entry-wrapper\"><header class=\"eael-entry-header\"><h2 class=\"eael-entry-title\"><a\n                        class=\"eael-grid-post-link\"\n                        href=\"https:\/\/topsmarket.vn\/vn\/promotion\/uu-dai-chat-chuan-gu-mua-le-hcm-copy-copy-copy-copy-2-copy-2-copy-copy-copy-copy-2-copy-copy-copy-copy\/\"\n                        title=\"VI\u1ec6T NAM CH\u1ea4T T\u1eeaNG NG\u00c0Y &#8211; HCM\">VI\u1ec6T NAM CH\u1ea4T T\u1eeaNG NG\u00c0Y &#8211; HCM<\/a><\/h2><\/header><div class=\"eael-entry-content\">\n                        <div class=\"eael-grid-post-excerpt\"><p>23.04 - 06.05.2026<\/p><\/div>\n                    <\/div><\/div><\/div>\n        <\/div>\n    <\/article><\/div>\n            <div class=\"clearfix\"><\/div>\n        <\/div>\t\t\t\t<\/div>\n\t\t\t\t<\/div>\n\t\t\t\t\t<\/div>\n\t\t<\/div>\n\t\t\t\t\t<\/div>\n\t\t<\/section>\n\t\t\t\t<section class=\"elementor-section elementor-top-section elementor-element elementor-element-61b58f2 elementor-section-boxed elementor-section-height-default elementor-section-height-default\" data-id=\"61b58f2\" data-element_type=\"section\">\n\t\t\t\t\t\t<div class=\"elementor-container elementor-column-gap-default\">\n\t\t\t\t\t<div class=\"elementor-column elementor-col-100 elementor-top-column elementor-element elementor-element-cfa4fa9\" data-id=\"cfa4fa9\" data-element_type=\"column\">\n\t\t\t<div class=\"elementor-widget-wrap\">\n\t\t\t\t\t\t\t<\/div>\n\t\t<\/div>\n\t\t\t\t\t<\/div>\n\t\t<\/section>\n\t\t\t\t<\/div>","protected":false},"excerpt":{"rendered":"<p>Our Latest Promotions \u0110\u1eb6C QUY\u1ec0N PH\u00c1I \u0110\u1eb8P &#8211; MU\u00d4N V\u00c0N \u01afU \u0110\u00c3I &#8211; HCM 09.10 &#8211; 22.10.2025 \u0110\u1eb6C QUY\u1ec0N PH\u00c1I \u0110\u1eb8P &#8211; MU\u00d4N V\u00c0N \u01afU \u0110\u00c3I &#8211; H\u00c0 N\u1ed8I 09.10 &#8211; 22.10.2025<\/p>","protected":false},"author":1,"featured_media":0,"parent":0,"menu_order":0,"comment_status":"closed","ping_status":"closed","template":"","meta":{"_eb_attr":"","footnotes":""},"class_list":["post-18","page","type-page","status-publish","hentry"],"blocksy_meta":{"styles_descriptor":{"styles":{"desktop":"","tablet":"","mobile":""},"google_fonts":[],"version":5}},"_links":{"self":[{"href":"https:\/\/topsmarket.vn\/vn\/wp-json\/wp\/v2\/pages\/18","targetHints":{"allow":["GET"]}}],"collection":[{"href":"https:\/\/topsmarket.vn\/vn\/wp-json\/wp\/v2\/pages"}],"about":[{"href":"https:\/\/topsmarket.vn\/vn\/wp-json\/wp\/v2\/types\/page"}],"author":[{"embeddable":true,"href":"https:\/\/topsmarket.vn\/vn\/wp-json\/wp\/v2\/users\/1"}],"replies":[{"embeddable":true,"href":"https:\/\/topsmarket.vn\/vn\/wp-json\/wp\/v2\/comments?post=18"}],"version-history":[{"count":927,"href":"https:\/\/topsmarket.vn\/vn\/wp-json\/wp\/v2\/pages\/18\/revisions"}],"predecessor-version":[{"id":12162,"href":"https:\/\/topsmarket.vn\/vn\/wp-json\/wp\/v2\/pages\/18\/revisions\/12162"}],"wp:attachment":[{"href":"https:\/\/topsmarket.vn\/vn\/wp-json\/wp\/v2\/media?parent=18"}],"curies":[{"name":"wp","href":"https:\/\/api.w.org\/{rel}","templated":true}]}}