{"id":5113,"date":"2022-10-31T12:36:27","date_gmt":"2022-10-31T12:36:27","guid":{"rendered":"http:\/\/topsmarket.trungkienit.com\/?page_id=5113"},"modified":"2023-03-02T02:43:19","modified_gmt":"2023-03-02T02:43:19","slug":"category-fair","status":"publish","type":"page","link":"https:\/\/topsmarket.vn\/vn\/promotions\/category-fair\/","title":{"rendered":"Khuy\u1ebfn M\u00e3i Ng\u00e0nh H\u00e0ng"},"content":{"rendered":"<div data-elementor-type=\"wp-page\" data-elementor-id=\"5113\" class=\"elementor elementor-5113\">\n\t\t\t\t\t\t<section class=\"elementor-section elementor-top-section elementor-element elementor-element-03fd334 ct-section-stretched elementor-section-full_width elementor-section-content-middle elementor-reverse-mobile elementor-section-height-min-height elementor-section-height-default elementor-section-items-middle\" data-id=\"03fd334\" data-element_type=\"section\" data-settings=\"{&quot;background_background&quot;:&quot;classic&quot;}\">\n\t\t\t\t\t\t<div class=\"elementor-container elementor-column-gap-no\">\n\t\t\t\t\t<div class=\"elementor-column elementor-col-100 elementor-top-column elementor-element elementor-element-1c6b674\" data-id=\"1c6b674\" data-element_type=\"column\">\n\t\t\t<div class=\"elementor-widget-wrap elementor-element-populated\">\n\t\t\t\t\t\t<div class=\"elementor-element elementor-element-c1b999b elementor-pagination-position-inside elementor-widget elementor-widget-image-carousel\" data-id=\"c1b999b\" data-element_type=\"widget\" data-settings=\"{&quot;slides_to_show&quot;:&quot;1&quot;,&quot;navigation&quot;:&quot;dots&quot;,&quot;autoplay&quot;:&quot;yes&quot;,&quot;pause_on_hover&quot;:&quot;yes&quot;,&quot;pause_on_interaction&quot;:&quot;yes&quot;,&quot;autoplay_speed&quot;:5000,&quot;infinite&quot;:&quot;yes&quot;,&quot;effect&quot;:&quot;slide&quot;,&quot;speed&quot;:500}\" data-widget_type=\"image-carousel.default\">\n\t\t\t\t<div class=\"elementor-widget-container\">\n\t\t\t\t\t\t\t<div class=\"elementor-image-carousel-wrapper swiper\" role=\"region\" aria-roledescription=\"carousel\" aria-label=\"B\u0103ng chuy\u1ec1n h\u00ecnh \u1ea3nh\" dir=\"ltr\">\n\t\t\t<div class=\"elementor-image-carousel swiper-wrapper swiper-image-stretch\" aria-live=\"off\">\n\t\t\t\t\t\t\t\t<div class=\"swiper-slide\" role=\"group\" aria-roledescription=\"slide\" aria-label=\"1 tr\u00ean 1\"><figure class=\"swiper-slide-inner\"><img decoding=\"async\" class=\"swiper-slide-image\" src=\"https:\/\/brand.topsmarket.vn\/wp-content\/uploads\/2023\/03\/webstie.png\" alt=\"\" \/><\/figure><\/div>\t\t\t<\/div>\n\t\t\t\t\t<\/div>\n\t\t\t\t\t\t<\/div>\n\t\t\t\t<\/div>\n\t\t\t\t\t<\/div>\n\t\t<\/div>\n\t\t\t\t\t<\/div>\n\t\t<\/section>\n\t\t\t\t<section class=\"elementor-section elementor-top-section elementor-element elementor-element-4ddb15e elementor-section-boxed elementor-section-height-default elementor-section-height-default\" data-id=\"4ddb15e\" data-element_type=\"section\" data-settings=\"{&quot;background_background&quot;:&quot;classic&quot;}\">\n\t\t\t\t\t\t<div class=\"elementor-container elementor-column-gap-default\">\n\t\t\t\t\t<div class=\"elementor-column elementor-col-100 elementor-top-column elementor-element elementor-element-aa3bb80 animated-slow elementor-invisible\" data-id=\"aa3bb80\" data-element_type=\"column\" data-settings=\"{&quot;animation&quot;:&quot;fadeInUp&quot;}\">\n\t\t\t<div class=\"elementor-widget-wrap elementor-element-populated\">\n\t\t\t\t\t\t<div class=\"elementor-element elementor-element-5fba517 elementor-widget elementor-widget-heading\" data-id=\"5fba517\" data-element_type=\"widget\" data-widget_type=\"heading.default\">\n\t\t\t\t<div class=\"elementor-widget-container\">\n\t\t\t\t\t<h2 class=\"elementor-heading-title elementor-size-default\">Khuy\u1ebfn M\u00e3i Ng\u00e0nh H\u00e0ng<\/h2>\t\t\t\t<\/div>\n\t\t\t\t<\/div>\n\t\t\t\t<section class=\"elementor-section elementor-inner-section elementor-element elementor-element-ae6e30b container-overflow-hidden-2 elementor-section-boxed elementor-section-height-default elementor-section-height-default elementor-invisible\" data-id=\"ae6e30b\" data-element_type=\"section\" data-settings=\"{&quot;animation&quot;:&quot;slideInUp&quot;,&quot;animation_delay&quot;:500}\">\n\t\t\t\t\t\t<div class=\"elementor-container elementor-column-gap-default\">\n\t\t\t\t\t<div class=\"elementor-column elementor-col-100 elementor-inner-column elementor-element elementor-element-8a7232f\" data-id=\"8a7232f\" data-element_type=\"column\">\n\t\t\t<div class=\"elementor-widget-wrap elementor-element-populated\">\n\t\t\t\t\t\t<div class=\"elementor-element elementor-element-cf30c5d promotion-page-list-post elementor-widget elementor-widget-posts\" data-id=\"cf30c5d\" data-element_type=\"widget\" data-widget_type=\"posts.default\">\n\t\t\t\t<div class=\"elementor-widget-container\">\n\t\t\t\t\t \t\t\t\t<\/div>\n\t\t\t\t<\/div>\n\t\t\t\t\t<\/div>\n\t\t<\/div>\n\t\t\t\t\t<\/div>\n\t\t<\/section>\n\t\t\t\t\t<\/div>\n\t\t<\/div>\n\t\t\t\t\t<\/div>\n\t\t<\/section>\n\t\t\t\t<section class=\"elementor-section elementor-top-section elementor-element elementor-element-d402b2e elementor-section-full_width container-overflow-hidden-2 elementor-hidden-desktop elementor-hidden-tablet elementor-hidden-mobile elementor-section-height-default elementor-section-height-default elementor-invisible\" data-id=\"d402b2e\" data-element_type=\"section\" data-settings=\"{&quot;background_background&quot;:&quot;classic&quot;,&quot;animation&quot;:&quot;slideInUp&quot;}\">\n\t\t\t\t\t\t<div class=\"elementor-container elementor-column-gap-no\">\n\t\t\t\t\t<div class=\"elementor-column elementor-col-100 elementor-top-column elementor-element elementor-element-31dadb0\" data-id=\"31dadb0\" data-element_type=\"column\">\n\t\t\t<div class=\"elementor-widget-wrap elementor-element-populated\">\n\t\t\t\t\t\t<div class=\"elementor-element elementor-element-a9917e9 elementor-pagination-position-inside carousel-center-mode elementor-arrows-position-inside elementor-widget elementor-widget-image-carousel\" data-id=\"a9917e9\" data-element_type=\"widget\" data-settings=\"{&quot;image_spacing_custom&quot;:{&quot;unit&quot;:&quot;px&quot;,&quot;size&quot;:0,&quot;sizes&quot;:[]},&quot;slides_to_show_tablet&quot;:&quot;1&quot;,&quot;navigation&quot;:&quot;both&quot;,&quot;autoplay&quot;:&quot;yes&quot;,&quot;pause_on_hover&quot;:&quot;yes&quot;,&quot;pause_on_interaction&quot;:&quot;yes&quot;,&quot;autoplay_speed&quot;:5000,&quot;infinite&quot;:&quot;yes&quot;,&quot;speed&quot;:500}\" data-widget_type=\"image-carousel.default\">\n\t\t\t\t<div class=\"elementor-widget-container\">\n\t\t\t\t\t\t\t<div class=\"elementor-image-carousel-wrapper swiper\" role=\"region\" aria-roledescription=\"carousel\" aria-label=\"B\u0103ng chuy\u1ec1n h\u00ecnh \u1ea3nh\" dir=\"ltr\">\n\t\t\t<div class=\"elementor-image-carousel swiper-wrapper\" aria-live=\"off\">\n\t\t\t\t\t\t\t\t<div class=\"swiper-slide\" role=\"group\" aria-roledescription=\"slide\" aria-label=\"1 tr\u00ean 3\"><figure class=\"swiper-slide-inner\"><img decoding=\"async\" class=\"swiper-slide-image\" src=\"http:\/\/brand.topsmarket.vn\/wp-content\/uploads\/2022\/10\/banner-web-t10-02.png\" alt=\"\" \/><\/figure><\/div><div class=\"swiper-slide\" role=\"group\" aria-roledescription=\"slide\" aria-label=\"2 tr\u00ean 3\"><figure class=\"swiper-slide-inner\"><img decoding=\"async\" class=\"swiper-slide-image\" src=\"http:\/\/brand.topsmarket.vn\/wp-content\/uploads\/2022\/10\/Anniversary-RTTT-1440x448px-3.jpg\" alt=\"\" \/><\/figure><\/div><div class=\"swiper-slide\" role=\"group\" aria-roledescription=\"slide\" aria-label=\"3 tr\u00ean 3\"><figure class=\"swiper-slide-inner\"><img decoding=\"async\" class=\"swiper-slide-image\" src=\"http:\/\/brand.topsmarket.vn\/wp-content\/uploads\/2022\/10\/download-exclusive-FA_column-1790x1400-compressed-scaled.jpg\" alt=\"\" \/><\/figure><\/div>\t\t\t<\/div>\n\t\t\t\t\t\t\t\t\t\t\t\t<div class=\"elementor-swiper-button elementor-swiper-button-prev\" role=\"button\" tabindex=\"0\">\n\t\t\t\t\t\t<svg xmlns=\"http:\/\/www.w3.org\/2000\/svg\" width=\"24\" height=\"41\" viewbox=\"0 0 24 41\" fill=\"none\"><g clip-path=\"url(#clip0_173_760)\"><path d=\"M22.9333 3.72145e-06C23.2 3.74476e-06 23.4667 0.0953521 23.68 0.286049C24.1067 0.667446 24.1067 1.23954 23.68 1.62093L2.56 20.5L23.68 39.3791C24.1067 39.7605 24.1067 40.3326 23.68 40.714C23.2533 41.0953 22.6133 41.0953 22.1867 40.714L0.319998 21.1674C0.106665 20.9767 -2.04337e-06 20.7384 -2.02253e-06 20.5C-2.00169e-06 20.2616 0.106665 20.0233 0.319998 19.8326L22.1867 0.286049C22.4 0.095352 22.6667 3.69813e-06 22.9333 3.72145e-06Z\" fill=\"#007647\"><\/path><\/g><defs><clippath id=\"clip0_173_760\"><rect width=\"24\" height=\"41\" fill=\"white\" transform=\"translate(24 41) rotate(-180)\"><\/rect><\/clippath><\/defs><\/svg>\t\t\t\t\t<\/div>\n\t\t\t\t\t<div class=\"elementor-swiper-button elementor-swiper-button-next\" role=\"button\" tabindex=\"0\">\n\t\t\t\t\t\t<svg xmlns=\"http:\/\/www.w3.org\/2000\/svg\" width=\"24\" height=\"41\" viewbox=\"0 0 24 41\" fill=\"none\"><g clip-path=\"url(#clip0_173_749)\"><path d=\"M1.06667 41C0.8 41 0.533333 40.9047 0.32 40.714C-0.106667 40.3326 -0.106667 39.7605 0.32 39.3791L21.44 20.5L0.32 1.62093C-0.106667 1.23953 -0.106667 0.667442 0.32 0.286047C0.746667 -0.0953488 1.38667 -0.0953488 1.81333 0.286047L23.68 19.8326C23.8933 20.0233 24 20.2616 24 20.5C24 20.7384 23.8933 20.9767 23.68 21.1674L1.81333 40.714C1.6 40.9047 1.33333 41 1.06667 41Z\" fill=\"#007647\"><\/path><\/g><defs><clippath id=\"clip0_173_749\"><rect width=\"24\" height=\"41\" fill=\"white\"><\/rect><\/clippath><\/defs><\/svg>\t\t\t\t\t<\/div>\n\t\t\t\t\n\t\t\t\t\t\t\t\t\t<div class=\"swiper-pagination\"><\/div>\n\t\t\t\t\t\t\t\t\t<\/div>\n\t\t\t\t\t\t<\/div>\n\t\t\t\t<\/div>\n\t\t\t\t\t<\/div>\n\t\t<\/div>\n\t\t\t\t\t<\/div>\n\t\t<\/section>\n\t\t\t\t<\/div>","protected":false},"excerpt":{"rendered":"<p>Category Fair Previous Next<\/p>","protected":false},"author":1,"featured_media":0,"parent":18,"menu_order":0,"comment_status":"closed","ping_status":"closed","template":"","meta":{"_eb_attr":"","footnotes":""},"class_list":["post-5113","page","type-page","status-publish","hentry"],"blocksy_meta":{"styles_descriptor":{"styles":{"desktop":"","tablet":"","mobile":""},"google_fonts":[],"version":5}},"_links":{"self":[{"href":"https:\/\/topsmarket.vn\/vn\/wp-json\/wp\/v2\/pages\/5113","targetHints":{"allow":["GET"]}}],"collection":[{"href":"https:\/\/topsmarket.vn\/vn\/wp-json\/wp\/v2\/pages"}],"about":[{"href":"https:\/\/topsmarket.vn\/vn\/wp-json\/wp\/v2\/types\/page"}],"author":[{"embeddable":true,"href":"https:\/\/topsmarket.vn\/vn\/wp-json\/wp\/v2\/users\/1"}],"replies":[{"embeddable":true,"href":"https:\/\/topsmarket.vn\/vn\/wp-json\/wp\/v2\/comments?post=5113"}],"version-history":[{"count":74,"href":"https:\/\/topsmarket.vn\/vn\/wp-json\/wp\/v2\/pages\/5113\/revisions"}],"predecessor-version":[{"id":7333,"href":"https:\/\/topsmarket.vn\/vn\/wp-json\/wp\/v2\/pages\/5113\/revisions\/7333"}],"up":[{"embeddable":true,"href":"https:\/\/topsmarket.vn\/vn\/wp-json\/wp\/v2\/pages\/18"}],"wp:attachment":[{"href":"https:\/\/topsmarket.vn\/vn\/wp-json\/wp\/v2\/media?parent=5113"}],"curies":[{"name":"wp","href":"https:\/\/api.w.org\/{rel}","templated":true}]}}