{"id":5831,"date":"2022-11-06T19:24:40","date_gmt":"2022-11-06T19:24:40","guid":{"rendered":"http:\/\/topsmarket.trungkienit.com\/?page_id=5831"},"modified":"2023-03-13T11:24:49","modified_gmt":"2023-03-13T11:24:49","slug":"join-our-team","status":"publish","type":"page","link":"https:\/\/topsmarket.vn\/vn\/join-our-team\/","title":{"rendered":"Tham Gia \u0110\u1ed9i Ng\u0169 C\u1ee7a Ch\u00fang T\u00f4i"},"content":{"rendered":"<div data-elementor-type=\"wp-page\" data-elementor-id=\"5831\" class=\"elementor elementor-5831\">\n\t\t\t\t\t\t<section class=\"elementor-section elementor-top-section elementor-element elementor-element-af8b48d ct-section-stretched elementor-section-full_width elementor-section-height-default elementor-section-height-default\" data-id=\"af8b48d\" data-element_type=\"section\">\n\t\t\t\t\t\t<div class=\"elementor-container elementor-column-gap-no\">\n\t\t\t\t\t<div class=\"elementor-column elementor-col-100 elementor-top-column elementor-element elementor-element-9c159ce\" data-id=\"9c159ce\" data-element_type=\"column\">\n\t\t\t<div class=\"elementor-widget-wrap elementor-element-populated\">\n\t\t\t\t\t\t<div class=\"elementor-element elementor-element-cfa217f elementor-pagination-position-inside elementor-widget elementor-widget-image-carousel\" data-id=\"cfa217f\" data-element_type=\"widget\" data-settings=\"{&quot;slides_to_show&quot;:&quot;1&quot;,&quot;navigation&quot;:&quot;dots&quot;,&quot;autoplay&quot;:&quot;yes&quot;,&quot;pause_on_hover&quot;:&quot;yes&quot;,&quot;pause_on_interaction&quot;:&quot;yes&quot;,&quot;autoplay_speed&quot;:5000,&quot;infinite&quot;:&quot;yes&quot;,&quot;effect&quot;:&quot;slide&quot;,&quot;speed&quot;:500}\" data-widget_type=\"image-carousel.default\">\n\t\t\t\t<div class=\"elementor-widget-container\">\n\t\t\t\t\t\t\t<div class=\"elementor-image-carousel-wrapper swiper\" role=\"region\" aria-roledescription=\"carousel\" aria-label=\"B\u0103ng chuy\u1ec1n h\u00ecnh \u1ea3nh\" dir=\"ltr\">\n\t\t\t<div class=\"elementor-image-carousel swiper-wrapper swiper-image-stretch\" aria-live=\"off\">\n\t\t\t\t\t\t\t\t<div class=\"swiper-slide\" role=\"group\" aria-roledescription=\"slide\" aria-label=\"1 tr\u00ean 2\"><figure class=\"swiper-slide-inner\"><img decoding=\"async\" class=\"swiper-slide-image\" src=\"https:\/\/topsmarket.vn\/wp-content\/uploads\/2023\/03\/z4179019204646_04d8c18393d2b3abdfe8ac0e100fd39e.jpg\" alt=\"z4179019204646_04d8c18393d2b3abdfe8ac0e100fd39e\" \/><\/figure><\/div><div class=\"swiper-slide\" role=\"group\" aria-roledescription=\"slide\" aria-label=\"2 tr\u00ean 2\"><figure class=\"swiper-slide-inner\"><img decoding=\"async\" class=\"swiper-slide-image\" src=\"https:\/\/topsmarket.vn\/wp-content\/uploads\/2023\/03\/z4179019196990_d537fb0a1f1300ac9867f3c32ad637a4.jpg\" alt=\"z4179019196990_d537fb0a1f1300ac9867f3c32ad637a4\" \/><\/figure><\/div>\t\t\t<\/div>\n\t\t\t\t\t\t\t\n\t\t\t\t\t\t\t\t\t<div class=\"swiper-pagination\"><\/div>\n\t\t\t\t\t\t\t\t\t<\/div>\n\t\t\t\t\t\t<\/div>\n\t\t\t\t<\/div>\n\t\t\t\t\t<\/div>\n\t\t<\/div>\n\t\t\t\t\t<\/div>\n\t\t<\/section>\n\t\t\t\t<section class=\"elementor-section elementor-top-section elementor-element elementor-element-eaee5b7 elementor-section-boxed elementor-section-height-default elementor-section-height-default\" data-id=\"eaee5b7\" data-element_type=\"section\">\n\t\t\t\t\t\t<div class=\"elementor-container elementor-column-gap-default\">\n\t\t\t\t\t<div class=\"elementor-column elementor-col-33 elementor-top-column elementor-element elementor-element-bcfdf8b\" data-id=\"bcfdf8b\" data-element_type=\"column\">\n\t\t\t<div class=\"elementor-widget-wrap\">\n\t\t\t\t\t\t\t<\/div>\n\t\t<\/div>\n\t\t\t\t<div class=\"elementor-column elementor-col-33 elementor-top-column elementor-element elementor-element-246e49c\" data-id=\"246e49c\" data-element_type=\"column\">\n\t\t\t<div class=\"elementor-widget-wrap elementor-element-populated\">\n\t\t\t\t\t\t<div class=\"elementor-element elementor-element-22e373e elementor-widget elementor-widget-heading\" data-id=\"22e373e\" data-element_type=\"widget\" data-widget_type=\"heading.default\">\n\t\t\t\t<div class=\"elementor-widget-container\">\n\t\t\t\t\t<h2 class=\"elementor-heading-title elementor-size-default\">G\u1eedi H\u1ed3 S\u01a1<\/h2>\t\t\t\t<\/div>\n\t\t\t\t<\/div>\n\t\t\t\t<div class=\"elementor-element elementor-element-0cb829a submit-cv-form elementor-widget elementor-widget-shortcode\" data-id=\"0cb829a\" data-element_type=\"widget\" data-widget_type=\"shortcode.default\">\n\t\t\t\t<div class=\"elementor-widget-container\">\n\t\t\t\t\t\t\t<div class=\"elementor-shortcode\">\n<div class=\"wpcf7 no-js\" id=\"wpcf7-f5841-o1\" lang=\"en-US\" dir=\"ltr\" data-wpcf7-id=\"5841\">\n<div class=\"screen-reader-response\"><p role=\"status\" aria-live=\"polite\" aria-atomic=\"true\"><\/p> <ul><\/ul><\/div>\n<form action=\"\/vn\/wp-json\/wp\/v2\/pages\/5831#wpcf7-f5841-o1\" method=\"post\" class=\"wpcf7-form init\" aria-label=\"Contact form\" enctype=\"multipart\/form-data\" novalidate=\"novalidate\" data-status=\"init\" data-trp-original-action=\"\/vn\/wp-json\/wp\/v2\/pages\/5831#wpcf7-f5841-o1\">\n<div style=\"display: none;\">\n<input type=\"hidden\" name=\"_wpcf7\" value=\"5841\" \/>\n<input type=\"hidden\" name=\"_wpcf7_version\" value=\"6.0.6\" \/>\n<input type=\"hidden\" name=\"_wpcf7_locale\" value=\"en_US\" \/>\n<input type=\"hidden\" name=\"_wpcf7_unit_tag\" value=\"wpcf7-f5841-o1\" \/>\n<input type=\"hidden\" name=\"_wpcf7_container_post\" value=\"0\" \/>\n<input type=\"hidden\" name=\"_wpcf7_posted_data_hash\" value=\"\" \/>\n<\/div>\n<p><label> H\u1ecd t\u00ean<br \/>\n<span class=\"wpcf7-form-control-wrap\" data-name=\"your-name\"><input size=\"40\" maxlength=\"400\" class=\"wpcf7-form-control wpcf7-text wpcf7-validates-as-required\" aria-required=\"true\" aria-invalid=\"false\" value=\"\" type=\"text\" name=\"your-name\" \/><\/span> <\/label>\n<\/p>\n<p><label> Email c\u1ee7a b\u1ea1n<br \/>\n<span class=\"wpcf7-form-control-wrap\" data-name=\"your-email\"><input size=\"40\" maxlength=\"400\" class=\"wpcf7-form-control wpcf7-email wpcf7-validates-as-required wpcf7-text wpcf7-validates-as-email\" aria-required=\"true\" aria-invalid=\"false\" value=\"\" type=\"email\" name=\"your-email\" \/><\/span> <\/label>\n<\/p>\n<p><label> Si\u00eau th\u1ecb \u1ee9ng tuy\u1ec3n<br \/>\n<span class=\"wpcf7-form-control-wrap\" data-name=\"location-apply\"><select class=\"wpcf7-form-control wpcf7-select wpcf7-validates-as-required\" aria-required=\"true\" aria-invalid=\"false\" name=\"location-apply\"><option value=\"\">&#8212;Please choose an option&#8212;<\/option><option value=\"Tops Market H\u00e0 \u0110\u00f4ng\">Tops Market H\u00e0 \u0110\u00f4ng<\/option><option value=\"Tops Market L\u00ea Tr\u1ecdng T\u1ea5n\">Tops Market L\u00ea Tr\u1ecdng T\u1ea5n<\/option><option value=\"Tops Market Nguy\u1ec5n Xi\u1ec3n\">Tops Market Nguy\u1ec5n Xi\u1ec3n<\/option><option value=\"Tops Market The Garden\">Tops Market The Garden<\/option><option value=\"Tops Market H\u1ea3i Ph\u00f2ng\">Tops Market H\u1ea3i Ph\u00f2ng<\/option><option value=\"Tops Market An Ph\u00fa\">Tops Market An Ph\u00fa<\/option><option value=\"Tops Market Th\u1ea3o \u0110i\u1ec1n\">Tops Market Th\u1ea3o \u0110i\u1ec1n<\/option><option value=\"Tops Market \u00c2u C\u01a1\">Tops Market \u00c2u C\u01a1<\/option><option value=\"Tops Market Moonlight\">Tops Market Moonlight<\/option><option value=\"Tops Market C\u1ea7n Th\u01a1\">Tops Market C\u1ea7n Th\u01a1<\/option><\/select><\/span> <\/label>\n<\/p>\n<p><label> V\u1ecb tr\u00ed \u1ee9ng tuy\u1ec3n<br \/>\n<span class=\"wpcf7-form-control-wrap\" data-name=\"position-apply\"><select class=\"wpcf7-form-control wpcf7-select wpcf7-validates-as-required\" aria-required=\"true\" aria-invalid=\"false\" name=\"position-apply\"><option value=\"\">&#8212;Please choose an option&#8212;<\/option><option value=\"Gi\u00e1m \u0111\u1ed1c Si\u00eau th\u1ecb\">Gi\u00e1m \u0111\u1ed1c Si\u00eau th\u1ecb<\/option><option value=\"Gi\u00e1m s\u00e1t Ng\u00e0nh h\u00e0ng (FMCG &amp; Fresh Food)\">Gi\u00e1m s\u00e1t Ng\u00e0nh h\u00e0ng (FMCG &amp; Fresh Food)<\/option><option value=\"Tr\u01b0\u1edfng Ng\u00e0nh H\u00e0ng Ti\u00eau d\u00f9ng nhanh (FMCG)\">Tr\u01b0\u1edfng Ng\u00e0nh H\u00e0ng Ti\u00eau d\u00f9ng nhanh (FMCG)<\/option><option value=\"Nh\u00e2n vi\u00ean Tr\u01b0\u1edfng qu\u1ea7y FMCG (M\u1eb7n, Ng\u1ecdt, N\u01b0\u1edbc\/ H\u00f3a m\u1ef9 ph\u1ea9m\/ B\u01a1 S\u1eefa\/ \u0110\u00f4ng l\u1ea1nh\/ Th\u1ecbt ngu\u1ed9i)\">Nh\u00e2n vi\u00ean Tr\u01b0\u1edfng qu\u1ea7y FMCG (M\u1eb7n, Ng\u1ecdt, N\u01b0\u1edbc\/ H\u00f3a m\u1ef9 ph\u1ea9m\/ B\u01a1 S\u1eefa\/ \u0110\u00f4ng l\u1ea1nh\/ Th\u1ecbt ngu\u1ed9i)<\/option><option value=\"Nh\u00e2n vi\u00ean Qu\u1ea7y FMCG (M\u1eb7n, Ng\u1ecdt, N\u01b0\u1edbc\/ H\u00f3a m\u1ef9 ph\u1ea9m\/ B\u01a1 S\u1eefa\/ \u0110\u00f4ng l\u1ea1nh\/ Th\u1ecbt ngu\u1ed9i)\">Nh\u00e2n vi\u00ean Qu\u1ea7y FMCG (M\u1eb7n, Ng\u1ecdt, N\u01b0\u1edbc\/ H\u00f3a m\u1ef9 ph\u1ea9m\/ B\u01a1 S\u1eefa\/ \u0110\u00f4ng l\u1ea1nh\/ Th\u1ecbt ngu\u1ed9i)<\/option><option value=\"Tr\u01b0\u1edfng Ng\u00e0nh h\u00e0ng Th\u1ef1c ph\u1ea9m t\u01b0\u01a1i s\u1ed1ng (Fresh Food)\">Tr\u01b0\u1edfng Ng\u00e0nh h\u00e0ng Th\u1ef1c ph\u1ea9m t\u01b0\u01a1i s\u1ed1ng (Fresh Food)<\/option><option value=\"Nh\u00e2n vi\u00ean Tr\u01b0\u1edfng qu\u1ea7y Th\u1ef1c ph\u1ea9m t\u01b0\u01a1i (Rau qu\u1ea3\/ Th\u1ecbt\/ H\u1ea3i s\u1ea3n\/ Th\u1ee9c \u0103n s\u1eb5n\/ B\u00e1nh m\u00ec)\">Nh\u00e2n vi\u00ean Tr\u01b0\u1edfng qu\u1ea7y Th\u1ef1c ph\u1ea9m t\u01b0\u01a1i (Rau qu\u1ea3\/ Th\u1ecbt\/ H\u1ea3i s\u1ea3n\/ Th\u1ee9c \u0103n s\u1eb5n\/ B\u00e1nh m\u00ec)<\/option><option value=\"Nh\u00e2n vi\u00ean Qu\u1ea7y Th\u1ef1c ph\u1ea9m t\u01b0\u01a1i (Rau qu\u1ea3\/ Th\u1ecbt\/ H\u1ea3i s\u1ea3n\/ Th\u1ee9c \u0103n s\u1eb5n\/ B\u00e1nh m\u00ec)\">Nh\u00e2n vi\u00ean Qu\u1ea7y Th\u1ef1c ph\u1ea9m t\u01b0\u01a1i (Rau qu\u1ea3\/ Th\u1ecbt\/ H\u1ea3i s\u1ea3n\/ Th\u1ee9c \u0103n s\u1eb5n\/ B\u00e1nh m\u00ec)<\/option><option value=\"Th\u1ee3 ngh\u1ec1 (B\u00e1nh m\u00ec\/ Th\u1ee9c \u0103n s\u1eb5n\/ Ch\u1ebf bi\u1ebfn...)\">Th\u1ee3 ngh\u1ec1 (B\u00e1nh m\u00ec\/ Th\u1ee9c \u0103n s\u1eb5n\/ Ch\u1ebf bi\u1ebfn...)<\/option><option value=\"Tr\u01b0\u1edfng B\u1ed9 ph\u1eadn D\u1ecbch v\u1ee5 kh\u00e1ch h\u00e0ng\">Tr\u01b0\u1edfng B\u1ed9 ph\u1eadn D\u1ecbch v\u1ee5 kh\u00e1ch h\u00e0ng<\/option><option value=\"Nh\u00e2n vi\u00ean Thu ng\u00e2n\">Nh\u00e2n vi\u00ean Thu ng\u00e2n<\/option><option value=\"Nh\u00e2n vi\u00ean H\u1ed7 tr\u1ee3 D\u1ecbch v\u1ee5 kh\u00e1ch h\u00e0ng\">Nh\u00e2n vi\u00ean H\u1ed7 tr\u1ee3 D\u1ecbch v\u1ee5 kh\u00e1ch h\u00e0ng<\/option><option value=\"Nh\u00e2n vi\u00ean Tr\u01b0\u1edfng Q\u0169y\">Nh\u00e2n vi\u00ean Tr\u01b0\u1edfng Q\u0169y<\/option><option value=\"Tr\u01b0\u1edfng B\u1ed9 ph\u1eadn Qu\u1ea3n l\u00ed D\u1eef li\u1ec7u v\u00e0 Kho\">Tr\u01b0\u1edfng B\u1ed9 ph\u1eadn Qu\u1ea3n l\u00ed D\u1eef li\u1ec7u v\u00e0 Kho<\/option><option value=\"Nh\u00e2n vi\u00ean Tr\u01b0\u1edfng Qu\u1ea3n l\u00ed D\u1eef li\u1ec7u Kho\">Nh\u00e2n vi\u00ean Tr\u01b0\u1edfng Qu\u1ea3n l\u00ed D\u1eef li\u1ec7u Kho<\/option><option value=\"Nh\u00e2n vi\u00ean Kho\">Nh\u00e2n vi\u00ean Kho<\/option><option value=\"Nh\u00e2n vi\u00ean Tr\u01b0\u1edfng K\u1ef9 thu\u1eadt\">Nh\u00e2n vi\u00ean Tr\u01b0\u1edfng K\u1ef9 thu\u1eadt<\/option><option value=\"Nh\u00e2n vi\u00ean K\u1ef9 thu\u1eadt\">Nh\u00e2n vi\u00ean K\u1ef9 thu\u1eadt<\/option><option value=\"Nh\u00e2n vi\u00ean Tr\u01b0\u1edfng An ninh\">Nh\u00e2n vi\u00ean Tr\u01b0\u1edfng An ninh<\/option><option value=\"Nh\u00e2n vi\u00ean An ninh\">Nh\u00e2n vi\u00ean An ninh<\/option><option value=\"Nh\u00e2n vi\u00ean Qu\u1ea3n l\u00ed V\u1ec7 sinh v\u00e0 Ch\u1ea5t l\u01b0\u1ee3ng\">Nh\u00e2n vi\u00ean Qu\u1ea3n l\u00ed V\u1ec7 sinh v\u00e0 Ch\u1ea5t l\u01b0\u1ee3ng<\/option><option value=\"Nh\u00e2n vi\u00ean Nh\u00e2n s\u1ef1\">Nh\u00e2n vi\u00ean Nh\u00e2n s\u1ef1<\/option><option value=\"Nh\u00e2n vi\u00ean Th\u1eddi v\u1ee5\">Nh\u00e2n vi\u00ean Th\u1eddi v\u1ee5<\/option><\/select><\/span> <\/label> T\u1ea3i l\u00ean h\u1ed3 s\u01a1<br \/>\n<span class=\"wpcf7-form-control-wrap\" data-name=\"upload-cv\"><input size=\"40\" class=\"wpcf7-form-control wpcf7-file wpcf7-validates-as-required\" accept=\"audio\/*,video\/*,image\/*\" aria-required=\"true\" aria-invalid=\"false\" type=\"file\" name=\"upload-cv\" \/><\/span>\n<\/p>\n<p><label> Th\u00f4ng tin b\u1ed5 sung<br \/>\n<span class=\"wpcf7-form-control-wrap\" data-name=\"your-message\"><textarea cols=\"40\" rows=\"10\" maxlength=\"2000\" class=\"wpcf7-form-control wpcf7-textarea\" aria-invalid=\"false\" name=\"your-message\"><\/textarea><\/span> <\/label>\n<\/p>\n<div style=\"display: flex;justify-content: center;margin-left: 60px;margin-top: 15px;\">\n\t<p><input class=\"wpcf7-form-control wpcf7-submit has-spinner\" type=\"submit\" value=\"G\u1eedi\" \/>\n\t<\/p>\n<\/div><div class=\"wpcf7-response-output\" aria-hidden=\"true\"><\/div>\n<input type=\"hidden\" name=\"trp-form-language\" value=\"vn\"\/><\/form>\n<\/div>\n<\/div>\n\t\t\t\t\t\t<\/div>\n\t\t\t\t<\/div>\n\t\t\t\t\t<\/div>\n\t\t<\/div>\n\t\t\t\t<div class=\"elementor-column elementor-col-33 elementor-top-column elementor-element elementor-element-28228d7\" data-id=\"28228d7\" data-element_type=\"column\">\n\t\t\t<div class=\"elementor-widget-wrap\">\n\t\t\t\t\t\t\t<\/div>\n\t\t<\/div>\n\t\t\t\t\t<\/div>\n\t\t<\/section>\n\t\t\t\t<\/div>","protected":false},"excerpt":{"rendered":"<p>G\u1eedi H\u1ed3 S\u01a1<\/p>","protected":false},"author":1,"featured_media":0,"parent":0,"menu_order":0,"comment_status":"closed","ping_status":"closed","template":"","meta":{"_eb_attr":"","footnotes":""},"class_list":["post-5831","page","type-page","status-publish","hentry"],"blocksy_meta":{"styles_descriptor":{"styles":{"desktop":"","tablet":"","mobile":""},"google_fonts":[],"version":5}},"_links":{"self":[{"href":"https:\/\/topsmarket.vn\/vn\/wp-json\/wp\/v2\/pages\/5831","targetHints":{"allow":["GET"]}}],"collection":[{"href":"https:\/\/topsmarket.vn\/vn\/wp-json\/wp\/v2\/pages"}],"about":[{"href":"https:\/\/topsmarket.vn\/vn\/wp-json\/wp\/v2\/types\/page"}],"author":[{"embeddable":true,"href":"https:\/\/topsmarket.vn\/vn\/wp-json\/wp\/v2\/users\/1"}],"replies":[{"embeddable":true,"href":"https:\/\/topsmarket.vn\/vn\/wp-json\/wp\/v2\/comments?post=5831"}],"version-history":[{"count":41,"href":"https:\/\/topsmarket.vn\/vn\/wp-json\/wp\/v2\/pages\/5831\/revisions"}],"predecessor-version":[{"id":7558,"href":"https:\/\/topsmarket.vn\/vn\/wp-json\/wp\/v2\/pages\/5831\/revisions\/7558"}],"wp:attachment":[{"href":"https:\/\/topsmarket.vn\/vn\/wp-json\/wp\/v2\/media?parent=5831"}],"curies":[{"name":"wp","href":"https:\/\/api.w.org\/{rel}","templated":true}]}}