{"id":7381,"date":"2023-03-08T13:09:51","date_gmt":"2023-03-08T13:09:51","guid":{"rendered":"https:\/\/brand.topsmarket.vn\/?page_id=7381"},"modified":"2023-03-08T14:30:35","modified_gmt":"2023-03-08T14:30:35","slug":"wtctm","status":"publish","type":"page","link":"https:\/\/topsmarket.vn\/vn\/wtctm\/","title":{"rendered":"WTCTM"},"content":{"rendered":"<div data-elementor-type=\"wp-page\" data-elementor-id=\"7381\" class=\"elementor elementor-7381\">\n\t\t\t\t\t\t<section class=\"elementor-section elementor-top-section elementor-element elementor-element-76898cd ct-section-stretched elementor-section-full_width elementor-section-height-default elementor-section-height-default\" data-id=\"76898cd\" data-element_type=\"section\" data-settings=\"{&quot;background_background&quot;:&quot;classic&quot;}\">\n\t\t\t\t\t\t<div class=\"elementor-container elementor-column-gap-default\">\n\t\t\t\t\t<div class=\"elementor-column elementor-col-100 elementor-top-column elementor-element elementor-element-c9df632 animated-slow elementor-invisible\" data-id=\"c9df632\" data-element_type=\"column\" data-settings=\"{&quot;animation&quot;:&quot;fadeInUp&quot;}\">\n\t\t\t<div class=\"elementor-widget-wrap elementor-element-populated\">\n\t\t\t\t\t\t<div class=\"elementor-element elementor-element-1de69d4 container-overflow-hidden-2 elementor-widget elementor-widget-heading\" data-id=\"1de69d4\" data-element_type=\"widget\" data-widget_type=\"heading.default\">\n\t\t\t\t<div class=\"elementor-widget-container\">\n\t\t\t\t\t<h2 class=\"elementor-heading-title elementor-size-default\">T\u1ea1i Sao Ch\u1ecdn\n<br>Topsmarket<\/h2>\t\t\t\t<\/div>\n\t\t\t\t<\/div>\n\t\t\t\t<div class=\"elementor-element elementor-element-b86b9cd container-overflow-hidden-2 elementor-widget elementor-widget-text-editor\" data-id=\"b86b9cd\" data-element_type=\"widget\" data-widget_type=\"text-editor.default\">\n\t\t\t\t<div class=\"elementor-widget-container\">\n\t\t\t\t\t\t\t\t\tCh\u00fang t\u00f4i mong mu\u1ed1n tr\u1edf th\u00e0nh b\u1ea1n \u0111\u1ed3ng h\u00e0nh \u0111\u00e1ng tin c\u1eady c\u1ee7a m\u1ecdi gia \u0111\u00ecnh,<br\/>mang \u0111\u1ebfn s\u1ea3n ph\u1ea9m \u0111a d\u1ea1ng, ch\u1ea5t l\u01b0\u1ee3ng t\u01b0\u01a1i m\u1edbi v\u1edbi gi\u00e1 c\u1ea3 ph\u1ea3i ch\u0103ng.\t\t\t\t\t\t\t\t<\/div>\n\t\t\t\t<\/div>\n\t\t\t\t<section class=\"elementor-section elementor-inner-section elementor-element elementor-element-baf4183 elementor-section-full_width wctm-4colum-container elementor-section-height-default elementor-section-height-default\" data-id=\"baf4183\" data-element_type=\"section\">\n\t\t\t\t\t\t<div class=\"elementor-container elementor-column-gap-custom\">\n\t\t\t\t\t<div class=\"elementor-column elementor-col-25 elementor-inner-column elementor-element elementor-element-517fe4a wctm-4column elementor-invisible\" data-id=\"517fe4a\" data-element_type=\"column\" data-settings=\"{&quot;background_background&quot;:&quot;classic&quot;,&quot;animation&quot;:&quot;slideInLeft&quot;}\">\n\t\t\t<div class=\"elementor-widget-wrap elementor-element-populated\">\n\t\t\t\t\t\t<div class=\"elementor-element elementor-element-25340d9 elementor-widget__width-initial elementor-widget elementor-widget-heading\" data-id=\"25340d9\" data-element_type=\"widget\" data-widget_type=\"heading.default\">\n\t\t\t\t<div class=\"elementor-widget-container\">\n\t\t\t\t\t<h4 class=\"elementor-heading-title elementor-size-default\">LU\u00d4N T\u01af\u01a0I M\u1edaI<\/h4>\t\t\t\t<\/div>\n\t\t\t\t<\/div>\n\t\t\t\t<div class=\"elementor-element elementor-element-1284585 elementor-widget elementor-widget-text-editor\" data-id=\"1284585\" data-element_type=\"widget\" data-widget_type=\"text-editor.default\">\n\t\t\t\t<div class=\"elementor-widget-container\">\n\t\t\t\t\t\t\t\t\t<p>Khu ch\u1ee3 hi\u1ec7n \u0111\u1ea1i g\u1ea7n ngay b\u1ea1n, cung c\u1ea5p \u0111a d\u1ea1ng s\u1ea3n ph\u1ea9m t\u01b0\u01a1i s\u1ed1ng v\u1edbi m\u1ee9c gi\u00e1 t\u1ed1t nh\u1ea5t.<\/p>\t\t\t\t\t\t\t\t<\/div>\n\t\t\t\t<\/div>\n\t\t\t\t\t<\/div>\n\t\t<\/div>\n\t\t\t\t<div class=\"elementor-column elementor-col-25 elementor-inner-column elementor-element elementor-element-07cba01 wctm-4column elementor-invisible\" data-id=\"07cba01\" data-element_type=\"column\" data-settings=\"{&quot;background_background&quot;:&quot;classic&quot;,&quot;animation_delay&quot;:700,&quot;animation&quot;:&quot;slideInLeft&quot;}\">\n\t\t\t<div class=\"elementor-widget-wrap elementor-element-populated\">\n\t\t\t\t\t\t<div class=\"elementor-element elementor-element-3257884 elementor-widget__width-initial container-overflow-hidden-2 elementor-widget elementor-widget-heading\" data-id=\"3257884\" data-element_type=\"widget\" data-widget_type=\"heading.default\">\n\t\t\t\t<div class=\"elementor-widget-container\">\n\t\t\t\t\t<h4 class=\"elementor-heading-title elementor-size-default\">H\u00c0NG H\u00d3A \u0110A D\u1ea0NG<\/h4>\t\t\t\t<\/div>\n\t\t\t\t<\/div>\n\t\t\t\t<div class=\"elementor-element elementor-element-78d4d99 container-overflow-hidden-2 elementor-widget elementor-widget-text-editor\" data-id=\"78d4d99\" data-element_type=\"widget\" data-widget_type=\"text-editor.default\">\n\t\t\t\t<div class=\"elementor-widget-container\">\n\t\t\t\t\t\t\t\t\t<p>\u0110\u1ecba \u0111i\u1ec3m mua s\u1eafm l\u00fd t\u01b0\u1edfng v\u1edbi h\u00e0ng ng\u00e0n s\u1ea3n ph\u1ea9m nh\u1eadp kh\u1ea9u t\u1eeb m\u1ecdi m\u01a1i tr\u00ean th\u1ebf gi\u1edbi<\/p>\t\t\t\t\t\t\t\t<\/div>\n\t\t\t\t<\/div>\n\t\t\t\t\t<\/div>\n\t\t<\/div>\n\t\t\t\t<div class=\"elementor-column elementor-col-25 elementor-inner-column elementor-element elementor-element-fe98d40 wctm-4column elementor-invisible\" data-id=\"fe98d40\" data-element_type=\"column\" data-settings=\"{&quot;background_background&quot;:&quot;classic&quot;,&quot;animation_delay&quot;:1400,&quot;animation&quot;:&quot;slideInLeft&quot;}\">\n\t\t\t<div class=\"elementor-widget-wrap elementor-element-populated\">\n\t\t\t\t\t\t<div class=\"elementor-element elementor-element-1ee20d3 elementor-widget__width-initial elementor-widget elementor-widget-heading\" data-id=\"1ee20d3\" data-element_type=\"widget\" data-widget_type=\"heading.default\">\n\t\t\t\t<div class=\"elementor-widget-container\">\n\t\t\t\t\t<h4 class=\"elementor-heading-title elementor-size-default\">GI\u00c1 C\u1ea2 H\u1ee2P L\u00dd<\/h4>\t\t\t\t<\/div>\n\t\t\t\t<\/div>\n\t\t\t\t<div class=\"elementor-element elementor-element-34890bc elementor-widget elementor-widget-text-editor\" data-id=\"34890bc\" data-element_type=\"widget\" data-widget_type=\"text-editor.default\">\n\t\t\t\t<div class=\"elementor-widget-container\">\n\t\t\t\t\t\t\t\t\t<p>Lu\u00f4n mang \u0111\u1ebfn gi\u00e1 tr\u1ecb cho kh\u00e1ch h\u00e0ng, cam k\u1ebft mang \u0111\u1ebfn s\u1ea3n ph\u1ea9m ch\u1ea5t l\u01b0\u1ee3ng cao v\u1edbi gi\u00e1 c\u1ea3 t\u1ed1t nh\u1ea5t v\u00e0 th\u01b0\u1eddng xuy\u00ean c\u00f3 ch\u01b0\u01a1ng tr\u00ecnh khuy\u1ebfn m\u00e3i cho c\u00e1c m\u1eb7t h\u00e0ng thi\u1ebft y\u1ebfu.<\/p>\t\t\t\t\t\t\t\t<\/div>\n\t\t\t\t<\/div>\n\t\t\t\t\t<\/div>\n\t\t<\/div>\n\t\t\t\t<div class=\"elementor-column elementor-col-25 elementor-inner-column elementor-element elementor-element-200fa9b wctm-4column elementor-invisible\" data-id=\"200fa9b\" data-element_type=\"column\" data-settings=\"{&quot;background_background&quot;:&quot;classic&quot;,&quot;animation_delay&quot;:2100,&quot;animation&quot;:&quot;slideInLeft&quot;}\">\n\t\t\t<div class=\"elementor-widget-wrap elementor-element-populated\">\n\t\t\t\t\t\t<div class=\"elementor-element elementor-element-8289612 elementor-widget__width-initial elementor-widget elementor-widget-heading\" data-id=\"8289612\" data-element_type=\"widget\" data-widget_type=\"heading.default\">\n\t\t\t\t<div class=\"elementor-widget-container\">\n\t\t\t\t\t<h4 class=\"elementor-heading-title elementor-size-default\">TR\u1ea2I NGHI\u1ec6M\n<br\/>MUA S\u1eaeM TI\u1ec6N L\u1ee2I<\/h4>\t\t\t\t<\/div>\n\t\t\t\t<\/div>\n\t\t\t\t<div class=\"elementor-element elementor-element-f4ae8cb elementor-widget elementor-widget-text-editor\" data-id=\"f4ae8cb\" data-element_type=\"widget\" data-widget_type=\"text-editor.default\">\n\t\t\t\t<div class=\"elementor-widget-container\">\n\t\t\t\t\t\t\t\t\t<p>Mua s\u1eafm nhanh ch\u00f3ng v\u00e0 d\u1ec5 d\u00e0ng, ti\u1ec7n l\u1ee3i m\u1ecdi l\u00fac m\u1ecdi n\u01a1i v\u1edbi \u1ee9ng d\u1ee5ng mua h\u00e0ng tr\u1ef1c tuy\u1ebfn, qu\u1ea7y thanh to\u00e1n t\u1ef1 \u0111\u1ed9ng t\u1ea1i si\u00eau th\u1ecb v\u00e0 ch\u01b0\u01a1ng tr\u00ecnh \u01afu \u0111\u00e3i th\u00e0nh vi\u00ean \u0111\u1ed9c quy\u1ec1n<\/p>\t\t\t\t\t\t\t\t<\/div>\n\t\t\t\t<\/div>\n\t\t\t\t\t<\/div>\n\t\t<\/div>\n\t\t\t\t\t<\/div>\n\t\t<\/section>\n\t\t\t\t\t<\/div>\n\t\t<\/div>\n\t\t\t\t\t<\/div>\n\t\t<\/section>\n\t\t\t\t<\/div>","protected":false},"excerpt":{"rendered":"<p>Why Choose Topsmarket We aim to be the trusted partner of every homemakers onFreshness, Quality, Variety and Affordability FRESHNESS Your modern wet market that provides you with high quality fresh products at the best price VARIETY Your shopping destination for quality imported products from all over the world AFFORDABLE PRICES Offer value to our customers by bringing quality products at competitive prices with exciting and regular deals on essential items. CUSTOMER EXPERIENCE Shop fast &amp; easy for Tops market products anytime anywhere with Online Shopping, Self-checkout at stores and Exclusive membership program<\/p>","protected":false},"author":1,"featured_media":0,"parent":0,"menu_order":0,"comment_status":"closed","ping_status":"closed","template":"","meta":{"_eb_attr":"","footnotes":""},"class_list":["post-7381","page","type-page","status-publish","hentry"],"blocksy_meta":{"styles_descriptor":{"styles":{"desktop":"","tablet":"","mobile":""},"google_fonts":[],"version":5}},"_links":{"self":[{"href":"https:\/\/topsmarket.vn\/vn\/wp-json\/wp\/v2\/pages\/7381","targetHints":{"allow":["GET"]}}],"collection":[{"href":"https:\/\/topsmarket.vn\/vn\/wp-json\/wp\/v2\/pages"}],"about":[{"href":"https:\/\/topsmarket.vn\/vn\/wp-json\/wp\/v2\/types\/page"}],"author":[{"embeddable":true,"href":"https:\/\/topsmarket.vn\/vn\/wp-json\/wp\/v2\/users\/1"}],"replies":[{"embeddable":true,"href":"https:\/\/topsmarket.vn\/vn\/wp-json\/wp\/v2\/comments?post=7381"}],"version-history":[{"count":109,"href":"https:\/\/topsmarket.vn\/vn\/wp-json\/wp\/v2\/pages\/7381\/revisions"}],"predecessor-version":[{"id":7523,"href":"https:\/\/topsmarket.vn\/vn\/wp-json\/wp\/v2\/pages\/7381\/revisions\/7523"}],"wp:attachment":[{"href":"https:\/\/topsmarket.vn\/vn\/wp-json\/wp\/v2\/media?parent=7381"}],"curies":[{"name":"wp","href":"https:\/\/api.w.org\/{rel}","templated":true}]}}